{"id":2184,"date":"2020-04-07T16:03:52","date_gmt":"2020-04-07T13:03:52","guid":{"rendered":"https:\/\/extrahaus.ee\/product\/tablecloth-o280-4\/"},"modified":"2020-04-07T16:03:52","modified_gmt":"2020-04-07T13:03:52","slug":"tablecloth-o280-4","status":"publish","type":"product","link":"https:\/\/extrahaus.ee\/en\/product\/tablecloth-o280-4\/","title":{"rendered":"Tablecloth \u00d8280"},"content":{"rendered":"<p>Circular table cover.<br \/>\nDiameter: 280cm<br \/>\nColor: black<br \/>\nSuitable for circular table \u00d8152cm, \u00d8183cm and for bar table \u00d885cm.<\/p>\n<p>Price does not include VAT.<\/p>\n","protected":false},"excerpt":{"rendered":"Circular table cover. Diameter: 280cm Color: black Suitable for circular table \u00d8152cm, \u00d8183cm and for bar table \u00d885cm. Price does not include VAT.","protected":false},"featured_media":2492,"comment_status":"open","ping_status":"closed","template":"","meta":{"_acf_changed":false},"product_brand":[],"product_cat":[195,191],"product_tag":[],"class_list":{"0":"post-2184","1":"product","2":"type-product","3":"status-publish","4":"has-post-thumbnail","6":"product_cat-round-tablecloth","7":"product_cat-tablecloth","9":"first","10":"instock","11":"shipping-taxable","12":"purchasable","13":"product-type-simple"},"acf":[],"_links":{"self":[{"href":"https:\/\/extrahaus.ee\/en\/wp-json\/wp\/v2\/product\/2184"}],"collection":[{"href":"https:\/\/extrahaus.ee\/en\/wp-json\/wp\/v2\/product"}],"about":[{"href":"https:\/\/extrahaus.ee\/en\/wp-json\/wp\/v2\/types\/product"}],"replies":[{"embeddable":true,"href":"https:\/\/extrahaus.ee\/en\/wp-json\/wp\/v2\/comments?post=2184"}],"wp:featuredmedia":[{"embeddable":true,"href":"https:\/\/extrahaus.ee\/en\/wp-json\/wp\/v2\/media\/2492"}],"wp:attachment":[{"href":"https:\/\/extrahaus.ee\/en\/wp-json\/wp\/v2\/media?parent=2184"}],"wp:term":[{"taxonomy":"product_brand","embeddable":true,"href":"https:\/\/extrahaus.ee\/en\/wp-json\/wp\/v2\/product_brand?post=2184"},{"taxonomy":"product_cat","embeddable":true,"href":"https:\/\/extrahaus.ee\/en\/wp-json\/wp\/v2\/product_cat?post=2184"},{"taxonomy":"product_tag","embeddable":true,"href":"https:\/\/extrahaus.ee\/en\/wp-json\/wp\/v2\/product_tag?post=2184"}],"curies":[{"name":"wp","href":"https:\/\/api.w.org\/{rel}","templated":true}]}}