{"id":2189,"date":"2020-04-07T14:28:38","date_gmt":"2020-04-07T11:28:38","guid":{"rendered":"https:\/\/extrahaus.ee\/product\/tablecloth-o140\/"},"modified":"2020-04-07T14:28:38","modified_gmt":"2020-04-07T11:28:38","slug":"tablecloth-o140","status":"publish","type":"product","link":"https:\/\/extrahaus.ee\/en\/product\/tablecloth-o140\/","title":{"rendered":"Tablecloth \u00d8140"},"content":{"rendered":"<p>Circular table cover.<br \/>\nDiameter: 140cm<br \/>\nColor: white<br \/>\nSuitable for circular table \u00d875cm, \u00d880cm, \u00d885cm.<\/p>\n<p>Price does not include VAT.<\/p>\n","protected":false},"excerpt":{"rendered":"Circular table cover. Diameter: 140cm Color: white Suitable for circular table \u00d875cm, \u00d880cm, \u00d885cm. Price does not include VAT.","protected":false},"featured_media":2396,"comment_status":"open","ping_status":"closed","template":"","meta":{"_acf_changed":false},"product_brand":[],"product_cat":[195,191],"product_tag":[],"class_list":{"0":"post-2189","1":"product","2":"type-product","3":"status-publish","4":"has-post-thumbnail","6":"product_cat-round-tablecloth","7":"product_cat-tablecloth","9":"first","10":"instock","11":"shipping-taxable","12":"purchasable","13":"product-type-simple"},"acf":[],"_links":{"self":[{"href":"https:\/\/extrahaus.ee\/en\/wp-json\/wp\/v2\/product\/2189"}],"collection":[{"href":"https:\/\/extrahaus.ee\/en\/wp-json\/wp\/v2\/product"}],"about":[{"href":"https:\/\/extrahaus.ee\/en\/wp-json\/wp\/v2\/types\/product"}],"replies":[{"embeddable":true,"href":"https:\/\/extrahaus.ee\/en\/wp-json\/wp\/v2\/comments?post=2189"}],"wp:featuredmedia":[{"embeddable":true,"href":"https:\/\/extrahaus.ee\/en\/wp-json\/wp\/v2\/media\/2396"}],"wp:attachment":[{"href":"https:\/\/extrahaus.ee\/en\/wp-json\/wp\/v2\/media?parent=2189"}],"wp:term":[{"taxonomy":"product_brand","embeddable":true,"href":"https:\/\/extrahaus.ee\/en\/wp-json\/wp\/v2\/product_brand?post=2189"},{"taxonomy":"product_cat","embeddable":true,"href":"https:\/\/extrahaus.ee\/en\/wp-json\/wp\/v2\/product_cat?post=2189"},{"taxonomy":"product_tag","embeddable":true,"href":"https:\/\/extrahaus.ee\/en\/wp-json\/wp\/v2\/product_tag?post=2189"}],"curies":[{"name":"wp","href":"https:\/\/api.w.org\/{rel}","templated":true}]}}