{"id":2831,"date":"2021-02-11T12:42:59","date_gmt":"2021-02-11T10:42:59","guid":{"rendered":"https:\/\/extrahaus.ee\/?post_type=product&#038;p=2831"},"modified":"2023-01-19T12:57:24","modified_gmt":"2023-01-19T10:57:24","slug":"laud-125x75cm-valge","status":"publish","type":"product","link":"https:\/\/extrahaus.ee\/en\/product\/laud-125x75cm-valge\/","title":{"rendered":"Laud 125x75cm, valge"},"content":{"rendered":"<p>\u00dcleni valget v\u00e4rvi melamiinist pinnaga kandiline laud.<\/p>\n<p>Kergesti puhastatav ning stabiilne t\u00e4nu metallraamile.<\/p>\n<p>&nbsp;<\/p>\n<p>M\u00f5\u00f5dud:<\/p>\n<p>Pikkus &#8211; 125cm<\/p>\n<p>Laius &#8211; 75cm<\/p>\n<p>K\u00f5rgus &#8211; 74cm<\/p>\n<p>&nbsp;<\/p>\n<p>Rendihinnale lisandub k\u00e4ibemaks.<\/p>\n<p>Rendihind on \u00fche \u00fcrituse\/p\u00e4eva kohta.<\/p>\n<p>&nbsp;<\/p>\n<p>&nbsp;<\/p>\n","protected":false},"excerpt":{"rendered":"\u00dcleni valget v\u00e4rvi melamiinist pinnaga kandiline laud. Kergesti puhastatav ning stabiilne t\u00e4nu metallraamile. &nbsp; M\u00f5\u00f5dud: Pikkus &#8211; 125cm Laius &#8211; 75cm K\u00f5rgus &#8211; 74cm &nbsp; Rendihinnale lisandub k\u00e4ibemaks. Rendihind on \u00fche \u00fcrituse\/p\u00e4eva kohta. &nbsp; &nbsp;","protected":false},"featured_media":2832,"comment_status":"open","ping_status":"closed","template":"","meta":{"_acf_changed":false},"product_brand":[],"product_cat":[115],"product_tag":[],"class_list":{"0":"post-2831","1":"product","2":"type-product","3":"status-publish","4":"has-post-thumbnail","6":"product_cat-lauad","8":"first","9":"instock","10":"shipping-taxable","11":"purchasable","12":"product-type-simple"},"acf":[],"_links":{"self":[{"href":"https:\/\/extrahaus.ee\/en\/wp-json\/wp\/v2\/product\/2831"}],"collection":[{"href":"https:\/\/extrahaus.ee\/en\/wp-json\/wp\/v2\/product"}],"about":[{"href":"https:\/\/extrahaus.ee\/en\/wp-json\/wp\/v2\/types\/product"}],"replies":[{"embeddable":true,"href":"https:\/\/extrahaus.ee\/en\/wp-json\/wp\/v2\/comments?post=2831"}],"wp:featuredmedia":[{"embeddable":true,"href":"https:\/\/extrahaus.ee\/en\/wp-json\/wp\/v2\/media\/2832"}],"wp:attachment":[{"href":"https:\/\/extrahaus.ee\/en\/wp-json\/wp\/v2\/media?parent=2831"}],"wp:term":[{"taxonomy":"product_brand","embeddable":true,"href":"https:\/\/extrahaus.ee\/en\/wp-json\/wp\/v2\/product_brand?post=2831"},{"taxonomy":"product_cat","embeddable":true,"href":"https:\/\/extrahaus.ee\/en\/wp-json\/wp\/v2\/product_cat?post=2831"},{"taxonomy":"product_tag","embeddable":true,"href":"https:\/\/extrahaus.ee\/en\/wp-json\/wp\/v2\/product_tag?post=2831"}],"curies":[{"name":"wp","href":"https:\/\/api.w.org\/{rel}","templated":true}]}}