{"id":3107,"date":"2022-10-26T13:36:31","date_gmt":"2022-10-26T10:36:31","guid":{"rendered":"https:\/\/extrahaus.ee\/?post_type=product&#038;p=3107"},"modified":"2023-09-14T14:27:46","modified_gmt":"2023-09-14T11:27:46","slug":"diivan-kollane","status":"publish","type":"product","link":"https:\/\/extrahaus.ee\/en\/product\/diivan-kollane\/","title":{"rendered":"Diivan kollane"},"content":{"rendered":"<p>Kahekohaline diivan.<\/p>\n<p>NB! Laos m\u00e4rgitud kogus viitab katete kogusele!<\/p>\n<p>Laius: 180 cm.<br \/>\nS\u00fcgavus: 88 cm.<br \/>\nK\u00f5rgus: 66 cm.<br \/>\nIstme s\u00fcgavus: 54 cm.<br \/>\nIstme k\u00f5rgus: 43 cm.<\/p>\n<p>&nbsp;<\/p>\n<p>Rendihinnale lisandub k\u00e4ibemaks.<\/p>\n<p>Rendihind on \u00fche \u00fcrituse\/p\u00e4eva kohta.<\/p>\n","protected":false},"excerpt":{"rendered":"Kahekohaline diivan. NB! Laos m\u00e4rgitud kogus viitab katete kogusele! Laius: 180 cm. S\u00fcgavus: 88 cm. K\u00f5rgus: 66 cm. Istme s\u00fcgavus: 54 cm. Istme k\u00f5rgus: 43 cm. &nbsp; Rendihinnale lisandub k\u00e4ibemaks. Rendihind on \u00fche \u00fcrituse\/p\u00e4eva kohta.","protected":false},"featured_media":3108,"comment_status":"open","ping_status":"closed","template":"","meta":{"_acf_changed":false},"product_brand":[],"product_cat":[119],"product_tag":[],"class_list":{"0":"post-3107","1":"product","2":"type-product","3":"status-publish","4":"has-post-thumbnail","6":"product_cat-pehmemoobel","8":"first","9":"instock","10":"shipping-taxable","11":"purchasable","12":"product-type-simple"},"acf":[],"_links":{"self":[{"href":"https:\/\/extrahaus.ee\/en\/wp-json\/wp\/v2\/product\/3107"}],"collection":[{"href":"https:\/\/extrahaus.ee\/en\/wp-json\/wp\/v2\/product"}],"about":[{"href":"https:\/\/extrahaus.ee\/en\/wp-json\/wp\/v2\/types\/product"}],"replies":[{"embeddable":true,"href":"https:\/\/extrahaus.ee\/en\/wp-json\/wp\/v2\/comments?post=3107"}],"wp:featuredmedia":[{"embeddable":true,"href":"https:\/\/extrahaus.ee\/en\/wp-json\/wp\/v2\/media\/3108"}],"wp:attachment":[{"href":"https:\/\/extrahaus.ee\/en\/wp-json\/wp\/v2\/media?parent=3107"}],"wp:term":[{"taxonomy":"product_brand","embeddable":true,"href":"https:\/\/extrahaus.ee\/en\/wp-json\/wp\/v2\/product_brand?post=3107"},{"taxonomy":"product_cat","embeddable":true,"href":"https:\/\/extrahaus.ee\/en\/wp-json\/wp\/v2\/product_cat?post=3107"},{"taxonomy":"product_tag","embeddable":true,"href":"https:\/\/extrahaus.ee\/en\/wp-json\/wp\/v2\/product_tag?post=3107"}],"curies":[{"name":"wp","href":"https:\/\/api.w.org\/{rel}","templated":true}]}}