{"id":3124,"date":"2022-10-27T10:20:38","date_gmt":"2022-10-27T07:20:38","guid":{"rendered":"https:\/\/extrahaus.ee\/?post_type=product&#038;p=3124"},"modified":"2024-02-06T12:48:11","modified_gmt":"2024-02-06T10:48:11","slug":"korduvkasutatav-garderoobinumber","status":"publish","type":"product","link":"https:\/\/extrahaus.ee\/en\/product\/korduvkasutatav-garderoobinumber\/","title":{"rendered":"Korduvkasutatav garderoobinumber"},"content":{"rendered":"<p>Korduvkasutatavad garderoobinumbrid.<\/p>\n<p>Hind sisaldab topeltkogus garderoobinumbreid (k\u00f5iki numbreid 2tk).<\/p>\n<p>&nbsp;<\/p>\n<p>Rendihinnale lisandub k\u00e4ibemaks.<\/p>\n<p>Rendihind on \u00fche p\u00e4eva kohta.<\/p>\n<p>Garderoobi numbri kadumisel tuleb h\u00fcvitada 12\u20ac\/tk.<\/p>\n<p>&nbsp;<\/p>\n","protected":false},"excerpt":{"rendered":"Korduvkasutatavad garderoobinumbrid. Hind sisaldab topeltkogus garderoobinumbreid (k\u00f5iki numbreid 2tk). &nbsp; Rendihinnale lisandub k\u00e4ibemaks. Rendihind on \u00fche p\u00e4eva kohta. Garderoobi numbri kadumisel tuleb h\u00fcvitada 12\u20ac\/tk. &nbsp;","protected":false},"featured_media":3125,"comment_status":"open","ping_status":"closed","template":"","meta":{"_acf_changed":false},"product_brand":[],"product_cat":[117],"product_tag":[],"class_list":{"0":"post-3124","1":"product","2":"type-product","3":"status-publish","4":"has-post-thumbnail","6":"product_cat-garderoobi-rent","8":"first","9":"instock","10":"shipping-taxable","11":"purchasable","12":"product-type-simple"},"acf":[],"_links":{"self":[{"href":"https:\/\/extrahaus.ee\/en\/wp-json\/wp\/v2\/product\/3124"}],"collection":[{"href":"https:\/\/extrahaus.ee\/en\/wp-json\/wp\/v2\/product"}],"about":[{"href":"https:\/\/extrahaus.ee\/en\/wp-json\/wp\/v2\/types\/product"}],"replies":[{"embeddable":true,"href":"https:\/\/extrahaus.ee\/en\/wp-json\/wp\/v2\/comments?post=3124"}],"wp:featuredmedia":[{"embeddable":true,"href":"https:\/\/extrahaus.ee\/en\/wp-json\/wp\/v2\/media\/3125"}],"wp:attachment":[{"href":"https:\/\/extrahaus.ee\/en\/wp-json\/wp\/v2\/media?parent=3124"}],"wp:term":[{"taxonomy":"product_brand","embeddable":true,"href":"https:\/\/extrahaus.ee\/en\/wp-json\/wp\/v2\/product_brand?post=3124"},{"taxonomy":"product_cat","embeddable":true,"href":"https:\/\/extrahaus.ee\/en\/wp-json\/wp\/v2\/product_cat?post=3124"},{"taxonomy":"product_tag","embeddable":true,"href":"https:\/\/extrahaus.ee\/en\/wp-json\/wp\/v2\/product_tag?post=3124"}],"curies":[{"name":"wp","href":"https:\/\/api.w.org\/{rel}","templated":true}]}}